{"id":768,"date":"2024-05-07T09:56:48","date_gmt":"2024-05-07T09:56:48","guid":{"rendered":"https:\/\/econtent.pedis.uop.gr\/d-ict\/?page_id=768"},"modified":"2024-05-07T10:15:16","modified_gmt":"2024-05-07T10:15:16","slug":"agfe-fr","status":"publish","type":"page","link":"https:\/\/econtent.pedis.uop.gr\/d-ict\/?page_id=768&lang=fr","title":{"rendered":"AGFE"},"content":{"rendered":"\n<div class=\"wp-block-media-text is-stacked-on-mobile is-vertically-aligned-top\" style=\"grid-template-columns:15% auto\"><figure class=\"wp-block-media-text__media\"><img loading=\"lazy\" decoding=\"async\" width=\"215\" height=\"74\" src=\"https:\/\/econtent.pedis.uop.gr\/d-ict\/wp-content\/uploads\/2023\/01\/agfe_logo.png\" alt=\"\" class=\"wp-image-183 size-full\"\/><\/figure><div class=\"wp-block-media-text__content\">\n<p>AGFE : Association de Gestion des Fonds Europ\u00e9ens &#8211; AGFE<br><br>Plateforme de gestion et de coordination des actions des syst\u00e8mes d&#8217;acteurs locaux, AGFE &#8211; Association de Gestion des Fonds Europ\u00e9ens &#8211; renforce la coh\u00e9rence et l&#8217;efficacit\u00e9 des diff\u00e9rentes interventions publiques dans le domaine de la formation, de l&#8217;emploi et de l&#8217;insertion dont la mutualisation des aides financi\u00e8res des collectivit\u00e9s locales avec l&#8217;\u00c9tat, soutenue par l&#8217;Union europ\u00e9enne notamment via le Fonds Social Europ\u00e9en (FSE) et Erasmus+.<\/p>\n\n\n\n<ul class=\"wp-block-social-links has-visible-labels is-layout-flex wp-block-social-links-is-layout-flex\"><li class=\"wp-social-link wp-social-link-chain  wp-block-social-link\"><a href=\"https:\/\/www.agfe95.eu\/\" class=\"wp-block-social-link-anchor\"><svg width=\"24\" height=\"24\" viewBox=\"0 0 24 24\" version=\"1.1\" xmlns=\"http:\/\/www.w3.org\/2000\/svg\" aria-hidden=\"true\" focusable=\"false\"><path d=\"M15.6,7.2H14v1.5h1.6c2,0,3.7,1.7,3.7,3.7s-1.7,3.7-3.7,3.7H14v1.5h1.6c2.8,0,5.2-2.3,5.2-5.2,0-2.9-2.3-5.2-5.2-5.2zM4.7,12.4c0-2,1.7-3.7,3.7-3.7H10V7.2H8.4c-2.9,0-5.2,2.3-5.2,5.2,0,2.9,2.3,5.2,5.2,5.2H10v-1.5H8.4c-2,0-3.7-1.7-3.7-3.7zm4.6.9h5.3v-1.5H9.3v1.5z\"><\/path><\/svg><span class=\"wp-block-social-link-label\">Website<\/span><\/a><\/li><\/ul>\n<\/div><\/div>\n","protected":false},"excerpt":{"rendered":"","protected":false},"author":1,"featured_media":0,"parent":0,"menu_order":0,"comment_status":"closed","ping_status":"closed","template":"","meta":{"site-sidebar-layout":"default","site-content-layout":"default","ast-global-header-display":"","ast-main-header-display":"","ast-hfb-above-header-display":"","ast-hfb-below-header-display":"","ast-hfb-mobile-header-display":"","site-post-title":"","ast-breadcrumbs-content":"","ast-featured-img":"","footer-sml-layout":"","theme-transparent-header-meta":"","adv-header-id-meta":"","stick-header-meta":"","header-above-stick-meta":"","header-main-stick-meta":"","header-below-stick-meta":"","footnotes":""},"class_list":["post-768","page","type-page","status-publish","hentry"],"uagb_featured_image_src":{"full":false,"thumbnail":false,"medium":false,"medium_large":false,"large":false,"1536x1536":false,"2048x2048":false,"sow-carousel-default":false},"uagb_author_info":{"display_name":"pedislab","author_link":"https:\/\/econtent.pedis.uop.gr\/d-ict\/?author=1"},"uagb_comment_info":0,"uagb_excerpt":null,"_links":{"self":[{"href":"https:\/\/econtent.pedis.uop.gr\/d-ict\/index.php?rest_route=\/wp\/v2\/pages\/768","targetHints":{"allow":["GET"]}}],"collection":[{"href":"https:\/\/econtent.pedis.uop.gr\/d-ict\/index.php?rest_route=\/wp\/v2\/pages"}],"about":[{"href":"https:\/\/econtent.pedis.uop.gr\/d-ict\/index.php?rest_route=\/wp\/v2\/types\/page"}],"author":[{"embeddable":true,"href":"https:\/\/econtent.pedis.uop.gr\/d-ict\/index.php?rest_route=\/wp\/v2\/users\/1"}],"replies":[{"embeddable":true,"href":"https:\/\/econtent.pedis.uop.gr\/d-ict\/index.php?rest_route=%2Fwp%2Fv2%2Fcomments&post=768"}],"version-history":[{"count":2,"href":"https:\/\/econtent.pedis.uop.gr\/d-ict\/index.php?rest_route=\/wp\/v2\/pages\/768\/revisions"}],"predecessor-version":[{"id":822,"href":"https:\/\/econtent.pedis.uop.gr\/d-ict\/index.php?rest_route=\/wp\/v2\/pages\/768\/revisions\/822"}],"wp:attachment":[{"href":"https:\/\/econtent.pedis.uop.gr\/d-ict\/index.php?rest_route=%2Fwp%2Fv2%2Fmedia&parent=768"}],"curies":[{"name":"wp","href":"https:\/\/api.w.org\/{rel}","templated":true}]}}