{"id":760,"date":"2024-05-07T09:51:11","date_gmt":"2024-05-07T09:51:11","guid":{"rendered":"https:\/\/econtent.pedis.uop.gr\/d-ict\/?page_id=760"},"modified":"2024-05-07T10:14:45","modified_gmt":"2024-05-07T10:14:45","slug":"fcb-asbl-fr","status":"publish","type":"page","link":"https:\/\/econtent.pedis.uop.gr\/d-ict\/?page_id=760&lang=fr","title":{"rendered":"FCB asbl"},"content":{"rendered":"\n<div class=\"wp-block-media-text is-stacked-on-mobile is-vertically-aligned-top\" style=\"grid-template-columns:15% auto\"><figure class=\"wp-block-media-text__media\"><img loading=\"lazy\" decoding=\"async\" width=\"300\" height=\"300\" src=\"https:\/\/econtent.pedis.uop.gr\/d-ict\/wp-content\/uploads\/2023\/01\/fcb.png\" alt=\"\" class=\"wp-image-185 size-full\" srcset=\"https:\/\/econtent.pedis.uop.gr\/d-ict\/wp-content\/uploads\/2023\/01\/fcb.png 300w, https:\/\/econtent.pedis.uop.gr\/d-ict\/wp-content\/uploads\/2023\/01\/fcb-150x150.png 150w\" sizes=\"auto, (max-width: 300px) 100vw, 300px\" \/><\/figure><div class=\"wp-block-media-text__content\">\n<p>FCB est une ONG bas\u00e9e en Belgique qui souhaite d\u00e9velopper et promouvoir la formation et l&#8217;\u00e9ducation des adultes, notamment \u00e0 Bruxelles et globalement dans la r\u00e9gion francophone. Elle a \u00e9t\u00e9 cr\u00e9\u00e9e en 2019 pour r\u00e9pondre aux besoins de tous les citoyens qui souhaitent participer \u00e0 diverses activit\u00e9s d&#8217;apprentissage afin d&#8217;accro\u00eetre la citoyennet\u00e9 active. FCB vise, par l&#8217;\u00e9ducation, la formation et la lutte contre les in\u00e9galit\u00e9s, \u00e0 construire les conditions de l&#8217;\u00e9mancipation des personnes et d&#8217;une citoyennet\u00e9 active, sans aucune exclusion.<\/p>\n\n\n\n<ul class=\"wp-block-social-links is-layout-flex wp-block-social-links-is-layout-flex\"><\/ul>\n<\/div><\/div>\n","protected":false},"excerpt":{"rendered":"","protected":false},"author":1,"featured_media":0,"parent":0,"menu_order":0,"comment_status":"closed","ping_status":"closed","template":"","meta":{"site-sidebar-layout":"default","site-content-layout":"default","ast-global-header-display":"","ast-main-header-display":"","ast-hfb-above-header-display":"","ast-hfb-below-header-display":"","ast-hfb-mobile-header-display":"","site-post-title":"","ast-breadcrumbs-content":"","ast-featured-img":"","footer-sml-layout":"","theme-transparent-header-meta":"","adv-header-id-meta":"","stick-header-meta":"","header-above-stick-meta":"","header-main-stick-meta":"","header-below-stick-meta":"","footnotes":""},"class_list":["post-760","page","type-page","status-publish","hentry"],"uagb_featured_image_src":{"full":false,"thumbnail":false,"medium":false,"medium_large":false,"large":false,"1536x1536":false,"2048x2048":false,"sow-carousel-default":false},"uagb_author_info":{"display_name":"pedislab","author_link":"https:\/\/econtent.pedis.uop.gr\/d-ict\/?author=1"},"uagb_comment_info":0,"uagb_excerpt":null,"_links":{"self":[{"href":"https:\/\/econtent.pedis.uop.gr\/d-ict\/index.php?rest_route=\/wp\/v2\/pages\/760","targetHints":{"allow":["GET"]}}],"collection":[{"href":"https:\/\/econtent.pedis.uop.gr\/d-ict\/index.php?rest_route=\/wp\/v2\/pages"}],"about":[{"href":"https:\/\/econtent.pedis.uop.gr\/d-ict\/index.php?rest_route=\/wp\/v2\/types\/page"}],"author":[{"embeddable":true,"href":"https:\/\/econtent.pedis.uop.gr\/d-ict\/index.php?rest_route=\/wp\/v2\/users\/1"}],"replies":[{"embeddable":true,"href":"https:\/\/econtent.pedis.uop.gr\/d-ict\/index.php?rest_route=%2Fwp%2Fv2%2Fcomments&post=760"}],"version-history":[{"count":2,"href":"https:\/\/econtent.pedis.uop.gr\/d-ict\/index.php?rest_route=\/wp\/v2\/pages\/760\/revisions"}],"predecessor-version":[{"id":818,"href":"https:\/\/econtent.pedis.uop.gr\/d-ict\/index.php?rest_route=\/wp\/v2\/pages\/760\/revisions\/818"}],"wp:attachment":[{"href":"https:\/\/econtent.pedis.uop.gr\/d-ict\/index.php?rest_route=%2Fwp%2Fv2%2Fmedia&parent=760"}],"curies":[{"name":"wp","href":"https:\/\/api.w.org\/{rel}","templated":true}]}}