{"id":758,"date":"2024-05-07T09:50:16","date_gmt":"2024-05-07T09:50:16","guid":{"rendered":"https:\/\/econtent.pedis.uop.gr\/d-ict\/?page_id=758"},"modified":"2024-05-07T10:14:41","modified_gmt":"2024-05-07T10:14:41","slug":"fcb-asbl-es","status":"publish","type":"page","link":"https:\/\/econtent.pedis.uop.gr\/d-ict\/?page_id=758&lang=es","title":{"rendered":"FCB asbl"},"content":{"rendered":"\n<div class=\"wp-block-media-text is-stacked-on-mobile is-vertically-aligned-top\" style=\"grid-template-columns:15% auto\"><figure class=\"wp-block-media-text__media\"><img loading=\"lazy\" decoding=\"async\" width=\"300\" height=\"300\" src=\"https:\/\/econtent.pedis.uop.gr\/d-ict\/wp-content\/uploads\/2023\/01\/fcb.png\" alt=\"\" class=\"wp-image-185 size-full\" srcset=\"https:\/\/econtent.pedis.uop.gr\/d-ict\/wp-content\/uploads\/2023\/01\/fcb.png 300w, https:\/\/econtent.pedis.uop.gr\/d-ict\/wp-content\/uploads\/2023\/01\/fcb-150x150.png 150w\" sizes=\"auto, (max-width: 300px) 100vw, 300px\" \/><\/figure><div class=\"wp-block-media-text__content\">\n<p>FCB es una ONG con sede en B\u00e9lgica que quiere desarrollar y promover la formaci\u00f3n y la educaci\u00f3n de adultos, particularmente en Bruselas y globalmente en la regi\u00f3n franc\u00f3fona. Se cre\u00f3 en 2019 para satisfacer las necesidades de todos los ciudadanos que deseen participar en diversas actividades de aprendizaje con el fin de aumentar la ciudadan\u00eda activa. FCB pretende, a trav\u00e9s de la educaci\u00f3n, la formaci\u00f3n y la lucha contra las desigualdades, construir las condiciones para la emancipaci\u00f3n de las personas y una ciudadan\u00eda activa, sin exclusi\u00f3n alguna.<\/p>\n\n\n\n<ul class=\"wp-block-social-links is-layout-flex wp-block-social-links-is-layout-flex\"><\/ul>\n<\/div><\/div>\n","protected":false},"excerpt":{"rendered":"","protected":false},"author":1,"featured_media":0,"parent":0,"menu_order":0,"comment_status":"closed","ping_status":"closed","template":"","meta":{"site-sidebar-layout":"default","site-content-layout":"default","ast-global-header-display":"","ast-main-header-display":"","ast-hfb-above-header-display":"","ast-hfb-below-header-display":"","ast-hfb-mobile-header-display":"","site-post-title":"","ast-breadcrumbs-content":"","ast-featured-img":"","footer-sml-layout":"","theme-transparent-header-meta":"","adv-header-id-meta":"","stick-header-meta":"","header-above-stick-meta":"","header-main-stick-meta":"","header-below-stick-meta":"","footnotes":""},"class_list":["post-758","page","type-page","status-publish","hentry"],"uagb_featured_image_src":{"full":false,"thumbnail":false,"medium":false,"medium_large":false,"large":false,"1536x1536":false,"2048x2048":false,"sow-carousel-default":false},"uagb_author_info":{"display_name":"pedislab","author_link":"https:\/\/econtent.pedis.uop.gr\/d-ict\/?author=1"},"uagb_comment_info":0,"uagb_excerpt":null,"_links":{"self":[{"href":"https:\/\/econtent.pedis.uop.gr\/d-ict\/index.php?rest_route=\/wp\/v2\/pages\/758","targetHints":{"allow":["GET"]}}],"collection":[{"href":"https:\/\/econtent.pedis.uop.gr\/d-ict\/index.php?rest_route=\/wp\/v2\/pages"}],"about":[{"href":"https:\/\/econtent.pedis.uop.gr\/d-ict\/index.php?rest_route=\/wp\/v2\/types\/page"}],"author":[{"embeddable":true,"href":"https:\/\/econtent.pedis.uop.gr\/d-ict\/index.php?rest_route=\/wp\/v2\/users\/1"}],"replies":[{"embeddable":true,"href":"https:\/\/econtent.pedis.uop.gr\/d-ict\/index.php?rest_route=%2Fwp%2Fv2%2Fcomments&post=758"}],"version-history":[{"count":2,"href":"https:\/\/econtent.pedis.uop.gr\/d-ict\/index.php?rest_route=\/wp\/v2\/pages\/758\/revisions"}],"predecessor-version":[{"id":817,"href":"https:\/\/econtent.pedis.uop.gr\/d-ict\/index.php?rest_route=\/wp\/v2\/pages\/758\/revisions\/817"}],"wp:attachment":[{"href":"https:\/\/econtent.pedis.uop.gr\/d-ict\/index.php?rest_route=%2Fwp%2Fv2%2Fmedia&parent=758"}],"curies":[{"name":"wp","href":"https:\/\/api.w.org\/{rel}","templated":true}]}}