{"id":754,"date":"2024-05-07T09:41:13","date_gmt":"2024-05-07T09:41:13","guid":{"rendered":"https:\/\/econtent.pedis.uop.gr\/d-ict\/?page_id=754"},"modified":"2024-05-07T10:14:16","modified_gmt":"2024-05-07T10:14:16","slug":"isqe-it","status":"publish","type":"page","link":"https:\/\/econtent.pedis.uop.gr\/d-ict\/?page_id=754&lang=it","title":{"rendered":"ISQe"},"content":{"rendered":"\n<div class=\"wp-block-media-text is-stacked-on-mobile is-vertically-aligned-top\" style=\"grid-template-columns:15% auto\"><figure class=\"wp-block-media-text__media\"><img loading=\"lazy\" decoding=\"async\" width=\"376\" height=\"200\" src=\"https:\/\/econtent.pedis.uop.gr\/d-ict\/wp-content\/uploads\/2023\/01\/isqe-logo.png\" alt=\"\" class=\"wp-image-181 size-full\" srcset=\"https:\/\/econtent.pedis.uop.gr\/d-ict\/wp-content\/uploads\/2023\/01\/isqe-logo.png 376w, https:\/\/econtent.pedis.uop.gr\/d-ict\/wp-content\/uploads\/2023\/01\/isqe-logo-300x160.png 300w\" sizes=\"auto, (max-width: 376px) 100vw, 376px\" \/><\/figure><div class=\"wp-block-media-text__content\">\n<p>ISQ-e \u00e8 un &#8220;pioniere&#8221; delle forme di apprendimento digitale in Portogallo. Dal 1996 ha implementato con successo centinaia di progetti e formato pi\u00f9 di 1.000.000 di studenti in 11 paesi. ISQe \u00e8 specializzata nello sviluppo di risorse multimediali interattive e nella fornitura di &#8220;Software as a Service&#8221; (SaaS).La sua missione principale \u00e8 supportare le aziende rafforzando e aggiornando le competenze della loro forza lavoro. Con creativit\u00e0, innovazione e flessibilit\u00e0 come valori, combinati con un forte set di competenze interne nelle aree tecnologiche, tecniche e pedagogiche,\u00a0 i servizi forniti da ISQ-e sono caratterizzati dalla qualit\u00e0 e dalla creativit\u00e0 delle soluzioni di apprendimento e gestione e dallo sviluppo di prodotti adattati alle esigenze e ai contesti dei clienti.<\/p>\n\n\n\n<ul class=\"wp-block-social-links is-layout-flex wp-block-social-links-is-layout-flex\"><\/ul>\n<\/div><\/div>\n","protected":false},"excerpt":{"rendered":"","protected":false},"author":1,"featured_media":0,"parent":0,"menu_order":0,"comment_status":"closed","ping_status":"closed","template":"","meta":{"site-sidebar-layout":"default","site-content-layout":"default","ast-global-header-display":"","ast-main-header-display":"","ast-hfb-above-header-display":"","ast-hfb-below-header-display":"","ast-hfb-mobile-header-display":"","site-post-title":"","ast-breadcrumbs-content":"","ast-featured-img":"","footer-sml-layout":"","theme-transparent-header-meta":"","adv-header-id-meta":"","stick-header-meta":"","header-above-stick-meta":"","header-main-stick-meta":"","header-below-stick-meta":"","footnotes":""},"class_list":["post-754","page","type-page","status-publish","hentry"],"uagb_featured_image_src":{"full":false,"thumbnail":false,"medium":false,"medium_large":false,"large":false,"1536x1536":false,"2048x2048":false,"sow-carousel-default":false},"uagb_author_info":{"display_name":"pedislab","author_link":"https:\/\/econtent.pedis.uop.gr\/d-ict\/?author=1"},"uagb_comment_info":0,"uagb_excerpt":null,"_links":{"self":[{"href":"https:\/\/econtent.pedis.uop.gr\/d-ict\/index.php?rest_route=\/wp\/v2\/pages\/754","targetHints":{"allow":["GET"]}}],"collection":[{"href":"https:\/\/econtent.pedis.uop.gr\/d-ict\/index.php?rest_route=\/wp\/v2\/pages"}],"about":[{"href":"https:\/\/econtent.pedis.uop.gr\/d-ict\/index.php?rest_route=\/wp\/v2\/types\/page"}],"author":[{"embeddable":true,"href":"https:\/\/econtent.pedis.uop.gr\/d-ict\/index.php?rest_route=\/wp\/v2\/users\/1"}],"replies":[{"embeddable":true,"href":"https:\/\/econtent.pedis.uop.gr\/d-ict\/index.php?rest_route=%2Fwp%2Fv2%2Fcomments&post=754"}],"version-history":[{"count":2,"href":"https:\/\/econtent.pedis.uop.gr\/d-ict\/index.php?rest_route=\/wp\/v2\/pages\/754\/revisions"}],"predecessor-version":[{"id":816,"href":"https:\/\/econtent.pedis.uop.gr\/d-ict\/index.php?rest_route=\/wp\/v2\/pages\/754\/revisions\/816"}],"wp:attachment":[{"href":"https:\/\/econtent.pedis.uop.gr\/d-ict\/index.php?rest_route=%2Fwp%2Fv2%2Fmedia&parent=754"}],"curies":[{"name":"wp","href":"https:\/\/api.w.org\/{rel}","templated":true}]}}