{"id":752,"date":"2024-05-07T09:40:04","date_gmt":"2024-05-07T09:40:04","guid":{"rendered":"https:\/\/econtent.pedis.uop.gr\/d-ict\/?page_id=752"},"modified":"2024-05-07T10:14:07","modified_gmt":"2024-05-07T10:14:07","slug":"isqe-fr","status":"publish","type":"page","link":"https:\/\/econtent.pedis.uop.gr\/d-ict\/?page_id=752&lang=fr","title":{"rendered":"ISQe"},"content":{"rendered":"\n<div class=\"wp-block-media-text is-stacked-on-mobile is-vertically-aligned-top\" style=\"grid-template-columns:15% auto\"><figure class=\"wp-block-media-text__media\"><img loading=\"lazy\" decoding=\"async\" width=\"376\" height=\"200\" src=\"https:\/\/econtent.pedis.uop.gr\/d-ict\/wp-content\/uploads\/2023\/01\/isqe-logo.png\" alt=\"\" class=\"wp-image-181 size-full\" srcset=\"https:\/\/econtent.pedis.uop.gr\/d-ict\/wp-content\/uploads\/2023\/01\/isqe-logo.png 376w, https:\/\/econtent.pedis.uop.gr\/d-ict\/wp-content\/uploads\/2023\/01\/isqe-logo-300x160.png 300w\" sizes=\"auto, (max-width: 376px) 100vw, 376px\" \/><\/figure><div class=\"wp-block-media-text__content\">\n<p>ISQe est un pionnier de l&#8217;exp\u00e9rience d&#8217;apprentissage num\u00e9rique au Portugal. Depuis 1996, elle a mis en \u0153uvre avec succ\u00e8s des centaines de projets et form\u00e9 plus d&#8217;un million d&#8217;apprenants dans 11 pays. ISQe est sp\u00e9cialis\u00e9e dans le d\u00e9veloppement de ressources multim\u00e9dias interactives et la fourniture de solutions SaaS (Software as a Service). Sa mission principale est de soutenir les entreprises en renfor\u00e7ant et en actualisant les comp\u00e9tences de leur personnel. Avec pour valeurs la cr\u00e9ativit\u00e9, l&#8217;innovation et la flexibilit\u00e9, associ\u00e9es \u00e0 un solide ensemble de comp\u00e9tences internes dans les domaines technologique, technique et p\u00e9dagogique, les services fournis par ISQe se caract\u00e9risent par la qualit\u00e9 et la cr\u00e9ativit\u00e9 des solutions d&#8217;apprentissage et de gestion et par le d\u00e9veloppement de produits adapt\u00e9s aux besoins et aux contextes des clients.<\/p>\n\n\n\n<ul class=\"wp-block-social-links is-layout-flex wp-block-social-links-is-layout-flex\"><\/ul>\n<\/div><\/div>\n","protected":false},"excerpt":{"rendered":"","protected":false},"author":1,"featured_media":0,"parent":0,"menu_order":0,"comment_status":"closed","ping_status":"closed","template":"","meta":{"site-sidebar-layout":"default","site-content-layout":"default","ast-global-header-display":"","ast-main-header-display":"","ast-hfb-above-header-display":"","ast-hfb-below-header-display":"","ast-hfb-mobile-header-display":"","site-post-title":"","ast-breadcrumbs-content":"","ast-featured-img":"","footer-sml-layout":"","theme-transparent-header-meta":"","adv-header-id-meta":"","stick-header-meta":"","header-above-stick-meta":"","header-main-stick-meta":"","header-below-stick-meta":"","footnotes":""},"class_list":["post-752","page","type-page","status-publish","hentry"],"uagb_featured_image_src":{"full":false,"thumbnail":false,"medium":false,"medium_large":false,"large":false,"1536x1536":false,"2048x2048":false,"sow-carousel-default":false},"uagb_author_info":{"display_name":"pedislab","author_link":"https:\/\/econtent.pedis.uop.gr\/d-ict\/?author=1"},"uagb_comment_info":0,"uagb_excerpt":null,"_links":{"self":[{"href":"https:\/\/econtent.pedis.uop.gr\/d-ict\/index.php?rest_route=\/wp\/v2\/pages\/752","targetHints":{"allow":["GET"]}}],"collection":[{"href":"https:\/\/econtent.pedis.uop.gr\/d-ict\/index.php?rest_route=\/wp\/v2\/pages"}],"about":[{"href":"https:\/\/econtent.pedis.uop.gr\/d-ict\/index.php?rest_route=\/wp\/v2\/types\/page"}],"author":[{"embeddable":true,"href":"https:\/\/econtent.pedis.uop.gr\/d-ict\/index.php?rest_route=\/wp\/v2\/users\/1"}],"replies":[{"embeddable":true,"href":"https:\/\/econtent.pedis.uop.gr\/d-ict\/index.php?rest_route=%2Fwp%2Fv2%2Fcomments&post=752"}],"version-history":[{"count":2,"href":"https:\/\/econtent.pedis.uop.gr\/d-ict\/index.php?rest_route=\/wp\/v2\/pages\/752\/revisions"}],"predecessor-version":[{"id":814,"href":"https:\/\/econtent.pedis.uop.gr\/d-ict\/index.php?rest_route=\/wp\/v2\/pages\/752\/revisions\/814"}],"wp:attachment":[{"href":"https:\/\/econtent.pedis.uop.gr\/d-ict\/index.php?rest_route=%2Fwp%2Fv2%2Fmedia&parent=752"}],"curies":[{"name":"wp","href":"https:\/\/api.w.org\/{rel}","templated":true}]}}