{"id":735,"date":"2024-05-07T09:29:38","date_gmt":"2024-05-07T09:29:38","guid":{"rendered":"https:\/\/econtent.pedis.uop.gr\/d-ict\/?page_id=735"},"modified":"2024-05-07T10:13:02","modified_gmt":"2024-05-07T10:13:02","slug":"csf-fr","status":"publish","type":"page","link":"https:\/\/econtent.pedis.uop.gr\/d-ict\/?page_id=735&lang=fr","title":{"rendered":"CSF"},"content":{"rendered":"\n<div class=\"wp-block-media-text is-stacked-on-mobile is-vertically-aligned-top\" style=\"grid-template-columns:15% auto\"><figure class=\"wp-block-media-text__media\"><img loading=\"lazy\" decoding=\"async\" width=\"256\" height=\"204\" src=\"https:\/\/econtent.pedis.uop.gr\/d-ict\/wp-content\/uploads\/2023\/01\/logo.webp\" alt=\"\" class=\"wp-image-176 size-full\"\/><\/figure><div class=\"wp-block-media-text__content\">\n<p>Le Centro Servizi Formazione a commenc\u00e9 \u00e0 fonctionner sur le territoire de Pavie en 1997, dans le but de cr\u00e9er des projets sociaux, de formation professionnelle et de soutien scolaire. Au fil du temps, les activit\u00e9s du Centre se sont consid\u00e9rablement d\u00e9velopp\u00e9es, notamment avec la participation \u00e0 des projets complexes au niveau provincial, r\u00e9gional, national et europ\u00e9en.<br>Le Centro Servizi Formazione dispose de quatre sites, un \u00e0 Pavie (la maison m\u00e8re), compos\u00e9 d&#8217;une structure autonome avec des salles de classe et des laboratoires pour l&#8217;enseignement et le professionnel dans tous ses types :<br>&#8211; 1 Aula Magna de 90 places, adapt\u00e9e aux s\u00e9minaires, conf\u00e9rences, pr\u00e9sentations, r\u00e9unions ;<br>&#8211; 18 salles pour les r\u00e9unions et les le\u00e7ons de formation th\u00e9orique ;<br>&#8211; 1 salle informatique, avec 22 si\u00e8ges (les PC connect\u00e9s au r\u00e9seau sont reli\u00e9s \u00e0 Internet par ADSL et g\u00e9r\u00e9s par deux serveurs) ;<br>&#8211; 1 laboratoire d&#8217;exercices polyvalent.<br>&#8211; En outre, la structure dispose d&#8217;une salle de r\u00e9union, d&#8217;une biblioth\u00e8que et de bureaux, secr\u00e9tariat, administration, coordination et gestion, salle de toilettes et pauses caf\u00e9.<br>Le deuxi\u00e8me site se trouve \u00e0 Milan, le troisi\u00e8me \u00e0 Vigevano et le quatri\u00e8me \u00e0 Voghera, toutes ces villes se trouvent dans la r\u00e9gion de la Lombardie.<br>Leurs bureaux sont constitu\u00e9s d&#8217;une structure autonome avec des salles de classe pour les diff\u00e9rents types de formation : professionnelle, permanente et continue, des bureaux pour les activit\u00e9s de direction, de coordination et de tutorat. Toutes les salles de classe sont \u00e9quip\u00e9es pour un enseignement moderne et avanc\u00e9. Les \u00e9quipements disponibles sont : Tableaux LIM, tableaux de conf\u00e9rence, r\u00e9troprojecteurs, t\u00e9l\u00e9vision, projecteurs de donn\u00e9es vid\u00e9o, ordinateurs portables, magn\u00e9toscopes, \u00e9quipement audio.<br>Parmi les exp\u00e9riences les plus significatives, le Centro Servizi Formazione a \u00e9t\u00e9 actif dans des initiatives concernant l&#8217;exp\u00e9rimentation \u00e0 l&#8217;\u00e9chelle europ\u00e9enne de mod\u00e8les de formation et d&#8217;inclusion de personnes ayant des besoins sp\u00e9ciaux et de personnes travaillant dans le secteur social et risquant l&#8217;exclusion sociale, et dans des \u00e9changes fructueux de bonnes pratiques avec des r\u00e9seaux transnationaux.<br>L&#8217;\u00e9quipe du centre est compos\u00e9e d&#8217;enseignants, de professionnels et de techniciens dans le domaine social et \u00e9ducatif. Les principales activit\u00e9s sont :<br>&#8211; Services \u00e0 l&#8217;\u00e9ducation<br>&#8211; Services pour le travail<br>&#8211; Orientation personnelle, \u00e9ducative et professionnelle<br>&#8211; Espaces d&#8217;\u00e9coute et de soutien \u00e0 la psychologie de l&#8217;\u00e9ducation<br>&#8211; Recherche sociale et planification sociale<br>&#8211; Conseil syst\u00e9mique<\/p>\n\n\n\n<p><br><\/p>\n\n\n\n<ul class=\"wp-block-social-links is-layout-flex wp-block-social-links-is-layout-flex\"><\/ul>\n<\/div><\/div>\n","protected":false},"excerpt":{"rendered":"","protected":false},"author":1,"featured_media":0,"parent":0,"menu_order":0,"comment_status":"closed","ping_status":"closed","template":"","meta":{"site-sidebar-layout":"default","site-content-layout":"default","ast-global-header-display":"","ast-main-header-display":"","ast-hfb-above-header-display":"","ast-hfb-below-header-display":"","ast-hfb-mobile-header-display":"","site-post-title":"","ast-breadcrumbs-content":"","ast-featured-img":"","footer-sml-layout":"","theme-transparent-header-meta":"","adv-header-id-meta":"","stick-header-meta":"","header-above-stick-meta":"","header-main-stick-meta":"","header-below-stick-meta":"","footnotes":""},"class_list":["post-735","page","type-page","status-publish","hentry"],"uagb_featured_image_src":{"full":false,"thumbnail":false,"medium":false,"medium_large":false,"large":false,"1536x1536":false,"2048x2048":false,"sow-carousel-default":false},"uagb_author_info":{"display_name":"pedislab","author_link":"https:\/\/econtent.pedis.uop.gr\/d-ict\/?author=1"},"uagb_comment_info":0,"uagb_excerpt":null,"_links":{"self":[{"href":"https:\/\/econtent.pedis.uop.gr\/d-ict\/index.php?rest_route=\/wp\/v2\/pages\/735","targetHints":{"allow":["GET"]}}],"collection":[{"href":"https:\/\/econtent.pedis.uop.gr\/d-ict\/index.php?rest_route=\/wp\/v2\/pages"}],"about":[{"href":"https:\/\/econtent.pedis.uop.gr\/d-ict\/index.php?rest_route=\/wp\/v2\/types\/page"}],"author":[{"embeddable":true,"href":"https:\/\/econtent.pedis.uop.gr\/d-ict\/index.php?rest_route=\/wp\/v2\/users\/1"}],"replies":[{"embeddable":true,"href":"https:\/\/econtent.pedis.uop.gr\/d-ict\/index.php?rest_route=%2Fwp%2Fv2%2Fcomments&post=735"}],"version-history":[{"count":2,"href":"https:\/\/econtent.pedis.uop.gr\/d-ict\/index.php?rest_route=\/wp\/v2\/pages\/735\/revisions"}],"predecessor-version":[{"id":806,"href":"https:\/\/econtent.pedis.uop.gr\/d-ict\/index.php?rest_route=\/wp\/v2\/pages\/735\/revisions\/806"}],"wp:attachment":[{"href":"https:\/\/econtent.pedis.uop.gr\/d-ict\/index.php?rest_route=%2Fwp%2Fv2%2Fmedia&parent=735"}],"curies":[{"name":"wp","href":"https:\/\/api.w.org\/{rel}","templated":true}]}}