{"id":733,"date":"2024-05-07T09:28:07","date_gmt":"2024-05-07T09:28:07","guid":{"rendered":"https:\/\/econtent.pedis.uop.gr\/d-ict\/?page_id=733"},"modified":"2024-05-07T10:12:57","modified_gmt":"2024-05-07T10:12:57","slug":"csf-es","status":"publish","type":"page","link":"https:\/\/econtent.pedis.uop.gr\/d-ict\/?page_id=733&lang=es","title":{"rendered":"CSF"},"content":{"rendered":"\n<div class=\"wp-block-media-text is-stacked-on-mobile is-vertically-aligned-top\" style=\"grid-template-columns:15% auto\"><figure class=\"wp-block-media-text__media\"><img loading=\"lazy\" decoding=\"async\" width=\"256\" height=\"204\" src=\"https:\/\/econtent.pedis.uop.gr\/d-ict\/wp-content\/uploads\/2023\/01\/logo.webp\" alt=\"\" class=\"wp-image-176 size-full\"\/><\/figure><div class=\"wp-block-media-text__content\">\n<p>El Centro Servizi Formazione comenz\u00f3 a operar en el territorio de Pavia en 1997, con el objetivo de crear proyectos sociales, formaci\u00f3n profesional y apoyo escolar. Con el tiempo las actividades del Centro se han ampliado considerablemente, en particular con la participaci\u00f3n en proyectos complejos a nivel provincial, regional, nacional y europeo.<br>\u00a0El Centro Servizi Formazione tiene cuatro sedes, una en Pavia (la casa madre), constituida por una estructura aut\u00f3noma con aulas y laboratorios para la educaci\u00f3n y profesional en todos sus tipos: &#8211;<br>1 Aula Magna con 90 asientos, adecuado para seminarios, conferencias, presentaciones, reuniones;<br>&#8211; 18 salas para reuniones y lecciones de formaci\u00f3n te\u00f3rica;<br>&#8211; 1 aulas de inform\u00e1tica, con 22 asientos (PC conectados a la red est\u00e1n conectados a Internet a trav\u00e9s de ADSL y gestionado por dos servidores);<br>&#8211; 1 de usos m\u00faltiples ejercicios de laboratorio.<br>\u00a0&#8211; Adem\u00e1s, la estructura cuenta con una sala de reuniones, una biblioteca y oficinas, secretar\u00eda, administraci\u00f3n, coordinaci\u00f3n y gesti\u00f3n, sala de aseos y coffee breaks.<br>\u00a0La segunda sede est\u00e1 en Mil\u00e1n, la tercera en Vigevano y la cuarta en Voghera, todas estas ciudades se encuentran en la regi\u00f3n de Lombard\u00eda.<br>\u00a0Sus sedes est\u00e1n formadas por una estructura aut\u00f3noma con aulas para diferentes tipos de formaci\u00f3n: profesional, permanente y continua, oficinas para las actividades de direcci\u00f3n, coordinaci\u00f3n y tutor\u00eda. Todas las aulas est\u00e1n equipadas para una ense\u00f1anza moderna y avanzada. Los equipos disponibles son: Pizarras LIM, rotafolios, retroproyectores, TV, videoproyectores de datos, ordenadores port\u00e1tiles, videograbadoras, equipos de audio.<br>Entre las experiencias m\u00e1s significativas, el Centro Servizi Formazione ha participado activamente en iniciativas relativas al ensayo a escala europea de modelos de formaci\u00f3n e inclusi\u00f3n de personas con necesidades especiales y trabajadores sociales en riesgo de exclusi\u00f3n social, y a fruct\u00edferos intercambios de buenas pr\u00e1cticas con redes transnacionales.<br>\u00a0El equipo de su centro est\u00e1 formado por profesores, profesionales y t\u00e9cnicos del \u00e1mbito social y educativo. Las principales actividades son: &#8211;<br>Servicios a la Educaci\u00f3n<br>&#8211; Servicios al Trabajo &#8211;<br>Orientaci\u00f3n personal, educativa y profesional &#8211;<br>Espacios de escucha y apoyo psicopedag\u00f3gico<br>&#8211; Investigaci\u00f3n Social y Planificaci\u00f3n Social &#8211;<br>Asesoramiento Sist\u00e9mico<\/p>\n\n\n\n<p><br><\/p>\n\n\n\n<ul class=\"wp-block-social-links is-layout-flex wp-block-social-links-is-layout-flex\"><\/ul>\n<\/div><\/div>\n","protected":false},"excerpt":{"rendered":"","protected":false},"author":1,"featured_media":0,"parent":0,"menu_order":0,"comment_status":"closed","ping_status":"closed","template":"","meta":{"site-sidebar-layout":"default","site-content-layout":"default","ast-global-header-display":"","ast-main-header-display":"","ast-hfb-above-header-display":"","ast-hfb-below-header-display":"","ast-hfb-mobile-header-display":"","site-post-title":"","ast-breadcrumbs-content":"","ast-featured-img":"","footer-sml-layout":"","theme-transparent-header-meta":"","adv-header-id-meta":"","stick-header-meta":"","header-above-stick-meta":"","header-main-stick-meta":"","header-below-stick-meta":"","footnotes":""},"class_list":["post-733","page","type-page","status-publish","hentry"],"uagb_featured_image_src":{"full":false,"thumbnail":false,"medium":false,"medium_large":false,"large":false,"1536x1536":false,"2048x2048":false,"sow-carousel-default":false},"uagb_author_info":{"display_name":"pedislab","author_link":"https:\/\/econtent.pedis.uop.gr\/d-ict\/?author=1"},"uagb_comment_info":0,"uagb_excerpt":null,"_links":{"self":[{"href":"https:\/\/econtent.pedis.uop.gr\/d-ict\/index.php?rest_route=\/wp\/v2\/pages\/733","targetHints":{"allow":["GET"]}}],"collection":[{"href":"https:\/\/econtent.pedis.uop.gr\/d-ict\/index.php?rest_route=\/wp\/v2\/pages"}],"about":[{"href":"https:\/\/econtent.pedis.uop.gr\/d-ict\/index.php?rest_route=\/wp\/v2\/types\/page"}],"author":[{"embeddable":true,"href":"https:\/\/econtent.pedis.uop.gr\/d-ict\/index.php?rest_route=\/wp\/v2\/users\/1"}],"replies":[{"embeddable":true,"href":"https:\/\/econtent.pedis.uop.gr\/d-ict\/index.php?rest_route=%2Fwp%2Fv2%2Fcomments&post=733"}],"version-history":[{"count":2,"href":"https:\/\/econtent.pedis.uop.gr\/d-ict\/index.php?rest_route=\/wp\/v2\/pages\/733\/revisions"}],"predecessor-version":[{"id":805,"href":"https:\/\/econtent.pedis.uop.gr\/d-ict\/index.php?rest_route=\/wp\/v2\/pages\/733\/revisions\/805"}],"wp:attachment":[{"href":"https:\/\/econtent.pedis.uop.gr\/d-ict\/index.php?rest_route=%2Fwp%2Fv2%2Fmedia&parent=733"}],"curies":[{"name":"wp","href":"https:\/\/api.w.org\/{rel}","templated":true}]}}