{"id":711,"date":"2024-05-06T11:09:52","date_gmt":"2024-05-06T11:09:52","guid":{"rendered":"https:\/\/econtent.pedis.uop.gr\/d-ict\/?page_id=711"},"modified":"2024-05-06T11:09:53","modified_gmt":"2024-05-06T11:09:53","slug":"universite-du-peloponnese","status":"publish","type":"page","link":"https:\/\/econtent.pedis.uop.gr\/d-ict\/?page_id=711&lang=fr","title":{"rendered":"Universit\u00e9 du P\u00e9loponn\u00e8se"},"content":{"rendered":"\n<div class=\"wp-block-media-text is-stacked-on-mobile is-vertically-aligned-top\" style=\"grid-template-columns:15% auto\"><figure class=\"wp-block-media-text__media\"><img loading=\"lazy\" decoding=\"async\" width=\"512\" height=\"509\" src=\"https:\/\/econtent.pedis.uop.gr\/d-ict\/wp-content\/uploads\/2022\/11\/uop_logo_500x500.jpg\" alt=\"\" class=\"wp-image-76 size-full\" srcset=\"https:\/\/econtent.pedis.uop.gr\/d-ict\/wp-content\/uploads\/2022\/11\/uop_logo_500x500.jpg 512w, https:\/\/econtent.pedis.uop.gr\/d-ict\/wp-content\/uploads\/2022\/11\/uop_logo_500x500-300x298.jpg 300w, https:\/\/econtent.pedis.uop.gr\/d-ict\/wp-content\/uploads\/2022\/11\/uop_logo_500x500-150x150.jpg 150w\" sizes=\"auto, (max-width: 512px) 100vw, 512px\" \/><\/figure><div class=\"wp-block-media-text__content\">\n<p>L&#8217;Universit\u00e9 du P\u00e9loponn\u00e8se est une universit\u00e9 moderne, multidisciplinaire, r\u00e9gionale et multi-campus. Cr\u00e9\u00e9e en 2000, elle a accueilli ses premiers \u00e9tudiants en 2002. Elle est d\u00e9velopp\u00e9e \u00e0 Tripolis, Corinthe, Nauplie, Sparte, Kalamata et Patras. L&#8217;universit\u00e9 comprend 9 \u00e9coles et 22 d\u00e9partements. Elle propose des \u00e9tudes dans tous les cycles d&#8217;apprentissage : premier cycle, troisi\u00e8me cycle et doctorat, ainsi que l&#8217;apprentissage tout au long de la vie, et compte plus de 20 000 \u00e9tudiants.<br><br>La vision de l&#8217;Universit\u00e9 du P\u00e9loponn\u00e8se (UoP), en Gr\u00e8ce, peut \u00eatre r\u00e9sum\u00e9e comme suit :<br><br>&#8211; G\u00e9n\u00e9rer, diffuser et promouvoir les connaissances scientifiques par une recherche et un enseignement de haute qualit\u00e9.<br>&#8211; Renforcer la coop\u00e9ration interdisciplinaire et les synergies entre les d\u00e9partements de l&#8217;universit\u00e9 et avec d&#8217;autres institutions en Gr\u00e8ce et \u00e0 l&#8217;\u00e9tranger.<br>&#8211; Respecter et promouvoir la diversit\u00e9 et le multiculturalisme<br>&#8211; Collaboration \u00e9troite avec les autorit\u00e9s locales et r\u00e9gionales<br>&#8211; Renforcement des liens avec les anciens \u00e9tudiants et les parties prenantes externes<br>&#8211; Internationalisation de la recherche et de l&#8217;enseignement<br>&#8211; Structures et pratiques administratives efficaces<br>&#8211; Int\u00e9gration des technologies de l&#8217;information et de la communication<\/p>\n\n\n\n<ul class=\"wp-block-social-links has-visible-labels is-content-justification-left is-layout-flex wp-container-core-social-links-is-layout-fc4fd283 wp-block-social-links-is-layout-flex\"><li class=\"wp-social-link wp-social-link-chain  wp-block-social-link\"><a href=\"https:\/\/www.uop.gr\/\" class=\"wp-block-social-link-anchor\"><svg width=\"24\" height=\"24\" viewBox=\"0 0 24 24\" version=\"1.1\" xmlns=\"http:\/\/www.w3.org\/2000\/svg\" aria-hidden=\"true\" focusable=\"false\"><path d=\"M15.6,7.2H14v1.5h1.6c2,0,3.7,1.7,3.7,3.7s-1.7,3.7-3.7,3.7H14v1.5h1.6c2.8,0,5.2-2.3,5.2-5.2,0-2.9-2.3-5.2-5.2-5.2zM4.7,12.4c0-2,1.7-3.7,3.7-3.7H10V7.2H8.4c-2.9,0-5.2,2.3-5.2,5.2,0,2.9,2.3,5.2,5.2,5.2H10v-1.5H8.4c-2,0-3.7-1.7-3.7-3.7zm4.6.9h5.3v-1.5H9.3v1.5z\"><\/path><\/svg><span class=\"wp-block-social-link-label\">Website<\/span><\/a><\/li><\/ul>\n<\/div><\/div>\n","protected":false},"excerpt":{"rendered":"","protected":false},"author":1,"featured_media":0,"parent":0,"menu_order":0,"comment_status":"closed","ping_status":"closed","template":"","meta":{"site-sidebar-layout":"default","site-content-layout":"default","ast-global-header-display":"","ast-main-header-display":"","ast-hfb-above-header-display":"","ast-hfb-below-header-display":"","ast-hfb-mobile-header-display":"","site-post-title":"","ast-breadcrumbs-content":"","ast-featured-img":"","footer-sml-layout":"","theme-transparent-header-meta":"","adv-header-id-meta":"","stick-header-meta":"","header-above-stick-meta":"","header-main-stick-meta":"","header-below-stick-meta":"","footnotes":""},"class_list":["post-711","page","type-page","status-publish","hentry"],"uagb_featured_image_src":{"full":false,"thumbnail":false,"medium":false,"medium_large":false,"large":false,"1536x1536":false,"2048x2048":false,"sow-carousel-default":false},"uagb_author_info":{"display_name":"pedislab","author_link":"https:\/\/econtent.pedis.uop.gr\/d-ict\/?author=1"},"uagb_comment_info":0,"uagb_excerpt":null,"_links":{"self":[{"href":"https:\/\/econtent.pedis.uop.gr\/d-ict\/index.php?rest_route=\/wp\/v2\/pages\/711","targetHints":{"allow":["GET"]}}],"collection":[{"href":"https:\/\/econtent.pedis.uop.gr\/d-ict\/index.php?rest_route=\/wp\/v2\/pages"}],"about":[{"href":"https:\/\/econtent.pedis.uop.gr\/d-ict\/index.php?rest_route=\/wp\/v2\/types\/page"}],"author":[{"embeddable":true,"href":"https:\/\/econtent.pedis.uop.gr\/d-ict\/index.php?rest_route=\/wp\/v2\/users\/1"}],"replies":[{"embeddable":true,"href":"https:\/\/econtent.pedis.uop.gr\/d-ict\/index.php?rest_route=%2Fwp%2Fv2%2Fcomments&post=711"}],"version-history":[{"count":1,"href":"https:\/\/econtent.pedis.uop.gr\/d-ict\/index.php?rest_route=\/wp\/v2\/pages\/711\/revisions"}],"predecessor-version":[{"id":712,"href":"https:\/\/econtent.pedis.uop.gr\/d-ict\/index.php?rest_route=\/wp\/v2\/pages\/711\/revisions\/712"}],"wp:attachment":[{"href":"https:\/\/econtent.pedis.uop.gr\/d-ict\/index.php?rest_route=%2Fwp%2Fv2%2Fmedia&parent=711"}],"curies":[{"name":"wp","href":"https:\/\/api.w.org\/{rel}","templated":true}]}}