{"id":709,"date":"2024-05-06T11:07:43","date_gmt":"2024-05-06T11:07:43","guid":{"rendered":"https:\/\/econtent.pedis.uop.gr\/d-ict\/?page_id=709"},"modified":"2024-05-06T11:08:44","modified_gmt":"2024-05-06T11:08:44","slug":"universidad-del-peloponeso","status":"publish","type":"page","link":"https:\/\/econtent.pedis.uop.gr\/d-ict\/?page_id=709&lang=es","title":{"rendered":"Universidad del Peloponeso"},"content":{"rendered":"\n<div class=\"wp-block-media-text is-stacked-on-mobile is-vertically-aligned-top\" style=\"grid-template-columns:15% auto\"><figure class=\"wp-block-media-text__media\"><img loading=\"lazy\" decoding=\"async\" width=\"512\" height=\"509\" src=\"https:\/\/econtent.pedis.uop.gr\/d-ict\/wp-content\/uploads\/2022\/11\/uop_logo_500x500.jpg\" alt=\"\" class=\"wp-image-76 size-full\" srcset=\"https:\/\/econtent.pedis.uop.gr\/d-ict\/wp-content\/uploads\/2022\/11\/uop_logo_500x500.jpg 512w, https:\/\/econtent.pedis.uop.gr\/d-ict\/wp-content\/uploads\/2022\/11\/uop_logo_500x500-300x298.jpg 300w, https:\/\/econtent.pedis.uop.gr\/d-ict\/wp-content\/uploads\/2022\/11\/uop_logo_500x500-150x150.jpg 150w\" sizes=\"auto, (max-width: 512px) 100vw, 512px\" \/><\/figure><div class=\"wp-block-media-text__content\">\n<p>La Universidad del Peloponeso es una universidad moderna, multidisciplinar, regional y con varios campus. Creada en 2000, acept\u00f3 a sus primeros estudiantes en 2002. Se desarrolla en Tr\u00edpoli, Corinto, Nauplia, Esparta, Kalamata y Patras. La Universidad consta de 9 Escuelas y 22 Departamentos. Ofrece estudios en todos los ciclos de aprendizaje: grado, postgrado y doctorado, as\u00ed como formaci\u00f3n continua, y cuenta con m\u00e1s de 20.000 estudiantes.<br><br>\u00a0La visi\u00f3n de la Universidad del Peloponeso (UoP), en Grecia, puede resumirse de la siguiente manera:<br><br>\u00a0&#8211; Generar, difundir y promover el conocimiento cient\u00edfico a trav\u00e9s de la investigaci\u00f3n y la ense\u00f1anza de alta calidad<br>&#8211; Fortalecer la cooperaci\u00f3n interdisciplinaria y las sinergias entre los Departamentos dentro de la Universidad y con otras instituciones en Grecia y en el extranjero<br>&#8211; Respetar y promover la diversidad y el multiculturalismo<br>&#8211; Estrecha colaboraci\u00f3n con las autoridades locales y regionales<br>&#8211; El fortalecimiento de los v\u00ednculos con los antiguos alumnos y las partes interesadas externas<br>&#8211; Internacionalizaci\u00f3n de la investigaci\u00f3n y la ense\u00f1anza<br>&#8211; Estructuras y pr\u00e1cticas administrativas eficaces<br>&#8211; Integraci\u00f3n de las Tecnolog\u00edas de la Informaci\u00f3n y la Comunicaci\u00f3n.<\/p>\n\n\n\n<ul class=\"wp-block-social-links has-visible-labels is-content-justification-left is-layout-flex wp-container-core-social-links-is-layout-fc4fd283 wp-block-social-links-is-layout-flex\"><li class=\"wp-social-link wp-social-link-chain  wp-block-social-link\"><a href=\"https:\/\/www.uop.gr\/\" class=\"wp-block-social-link-anchor\"><svg width=\"24\" height=\"24\" viewBox=\"0 0 24 24\" version=\"1.1\" xmlns=\"http:\/\/www.w3.org\/2000\/svg\" aria-hidden=\"true\" focusable=\"false\"><path d=\"M15.6,7.2H14v1.5h1.6c2,0,3.7,1.7,3.7,3.7s-1.7,3.7-3.7,3.7H14v1.5h1.6c2.8,0,5.2-2.3,5.2-5.2,0-2.9-2.3-5.2-5.2-5.2zM4.7,12.4c0-2,1.7-3.7,3.7-3.7H10V7.2H8.4c-2.9,0-5.2,2.3-5.2,5.2,0,2.9,2.3,5.2,5.2,5.2H10v-1.5H8.4c-2,0-3.7-1.7-3.7-3.7zm4.6.9h5.3v-1.5H9.3v1.5z\"><\/path><\/svg><span class=\"wp-block-social-link-label\">Website<\/span><\/a><\/li><\/ul>\n<\/div><\/div>\n","protected":false},"excerpt":{"rendered":"","protected":false},"author":1,"featured_media":0,"parent":0,"menu_order":0,"comment_status":"closed","ping_status":"closed","template":"","meta":{"site-sidebar-layout":"default","site-content-layout":"default","ast-global-header-display":"","ast-main-header-display":"","ast-hfb-above-header-display":"","ast-hfb-below-header-display":"","ast-hfb-mobile-header-display":"","site-post-title":"","ast-breadcrumbs-content":"","ast-featured-img":"","footer-sml-layout":"","theme-transparent-header-meta":"","adv-header-id-meta":"","stick-header-meta":"","header-above-stick-meta":"","header-main-stick-meta":"","header-below-stick-meta":"","footnotes":""},"class_list":["post-709","page","type-page","status-publish","hentry"],"uagb_featured_image_src":{"full":false,"thumbnail":false,"medium":false,"medium_large":false,"large":false,"1536x1536":false,"2048x2048":false,"sow-carousel-default":false},"uagb_author_info":{"display_name":"pedislab","author_link":"https:\/\/econtent.pedis.uop.gr\/d-ict\/?author=1"},"uagb_comment_info":0,"uagb_excerpt":null,"_links":{"self":[{"href":"https:\/\/econtent.pedis.uop.gr\/d-ict\/index.php?rest_route=\/wp\/v2\/pages\/709","targetHints":{"allow":["GET"]}}],"collection":[{"href":"https:\/\/econtent.pedis.uop.gr\/d-ict\/index.php?rest_route=\/wp\/v2\/pages"}],"about":[{"href":"https:\/\/econtent.pedis.uop.gr\/d-ict\/index.php?rest_route=\/wp\/v2\/types\/page"}],"author":[{"embeddable":true,"href":"https:\/\/econtent.pedis.uop.gr\/d-ict\/index.php?rest_route=\/wp\/v2\/users\/1"}],"replies":[{"embeddable":true,"href":"https:\/\/econtent.pedis.uop.gr\/d-ict\/index.php?rest_route=%2Fwp%2Fv2%2Fcomments&post=709"}],"version-history":[{"count":1,"href":"https:\/\/econtent.pedis.uop.gr\/d-ict\/index.php?rest_route=\/wp\/v2\/pages\/709\/revisions"}],"predecessor-version":[{"id":710,"href":"https:\/\/econtent.pedis.uop.gr\/d-ict\/index.php?rest_route=\/wp\/v2\/pages\/709\/revisions\/710"}],"wp:attachment":[{"href":"https:\/\/econtent.pedis.uop.gr\/d-ict\/index.php?rest_route=%2Fwp%2Fv2%2Fmedia&parent=709"}],"curies":[{"name":"wp","href":"https:\/\/api.w.org\/{rel}","templated":true}]}}