{"id":707,"date":"2024-05-06T11:06:36","date_gmt":"2024-05-06T11:06:36","guid":{"rendered":"https:\/\/econtent.pedis.uop.gr\/d-ict\/?page_id=707"},"modified":"2024-05-06T11:08:15","modified_gmt":"2024-05-06T11:08:15","slug":"universita-del-peloponneso","status":"publish","type":"page","link":"https:\/\/econtent.pedis.uop.gr\/d-ict\/?page_id=707&lang=it","title":{"rendered":"Universit\u00e0 del Peloponneso"},"content":{"rendered":"\n<div class=\"wp-block-media-text is-stacked-on-mobile is-vertically-aligned-top\" style=\"grid-template-columns:15% auto\"><figure class=\"wp-block-media-text__media\"><img loading=\"lazy\" decoding=\"async\" width=\"512\" height=\"509\" src=\"https:\/\/econtent.pedis.uop.gr\/d-ict\/wp-content\/uploads\/2022\/11\/uop_logo_500x500.jpg\" alt=\"\" class=\"wp-image-76 size-full\" srcset=\"https:\/\/econtent.pedis.uop.gr\/d-ict\/wp-content\/uploads\/2022\/11\/uop_logo_500x500.jpg 512w, https:\/\/econtent.pedis.uop.gr\/d-ict\/wp-content\/uploads\/2022\/11\/uop_logo_500x500-300x298.jpg 300w, https:\/\/econtent.pedis.uop.gr\/d-ict\/wp-content\/uploads\/2022\/11\/uop_logo_500x500-150x150.jpg 150w\" sizes=\"auto, (max-width: 512px) 100vw, 512px\" \/><\/figure><div class=\"wp-block-media-text__content\">\n<p>l&#8217;Universit\u00e0 del Peloponneso \u00e8 un&#8217;universit\u00e0 moderna, multidisciplinare, regionale e multi-campus. Fondata nel 2000, ha accolto i suoi primi studenti nel 2002. Si sviluppa a Tripoli, Corinto, Nafplio, Sparta, Kalamata, e Patrasso.L&#8217;Universit\u00e0 comprende 9 scuole e 22 dipartimenti.Offre studi in tutti i cicli di apprendimento: laurea, post-laurea e dottorato, nonch\u00e9 apprendimento permanente e conta pi\u00f9 di 20.000 studenti.<\/p>\n\n\n\n<p>La visione dell&#8217;Universit\u00e0 del Peloponneso (UoP), in Grecia, pu\u00f2 essere riassunta come segue:<\/p>\n\n\n\n<ul class=\"wp-block-list\">\n<li>Generazione, diffusione e promozione della conoscenza scientifica attraverso ricerca e insegnamento di alta qualit\u00e0<\/li>\n\n\n\n<li>Rafforzare la cooperazione interdisciplinare e le sinergie tra i Dipartimenti all&#8217;interno dell&#8217;Universit\u00e0 e con altre istituzioni in Grecia e all&#8217;estero<\/li>\n\n\n\n<li>Rispettare e promuovere la diversit\u00e0 e il multiculturalismo<\/li>\n\n\n\n<li>Stretta collaborazione con le autorit\u00e0 locali e regionali<\/li>\n\n\n\n<li>Rafforzare i legami con gli alumni e gli stakeholder esterni<\/li>\n\n\n\n<li>Internazionalizzazione della ricerca e della didattica<\/li>\n\n\n\n<li>Strutture e pratiche amministrative efficaci<\/li>\n\n\n\n<li>Integrazione delle tecnologie dell&#8217;informazione e della comunicazione&#8221;<\/li>\n<\/ul>\n\n\n\n<ul class=\"wp-block-social-links has-visible-labels is-content-justification-left is-layout-flex wp-container-core-social-links-is-layout-fc4fd283 wp-block-social-links-is-layout-flex\"><li class=\"wp-social-link wp-social-link-chain  wp-block-social-link\"><a href=\"https:\/\/www.uop.gr\/\" class=\"wp-block-social-link-anchor\"><svg width=\"24\" height=\"24\" viewBox=\"0 0 24 24\" version=\"1.1\" xmlns=\"http:\/\/www.w3.org\/2000\/svg\" aria-hidden=\"true\" focusable=\"false\"><path d=\"M15.6,7.2H14v1.5h1.6c2,0,3.7,1.7,3.7,3.7s-1.7,3.7-3.7,3.7H14v1.5h1.6c2.8,0,5.2-2.3,5.2-5.2,0-2.9-2.3-5.2-5.2-5.2zM4.7,12.4c0-2,1.7-3.7,3.7-3.7H10V7.2H8.4c-2.9,0-5.2,2.3-5.2,5.2,0,2.9,2.3,5.2,5.2,5.2H10v-1.5H8.4c-2,0-3.7-1.7-3.7-3.7zm4.6.9h5.3v-1.5H9.3v1.5z\"><\/path><\/svg><span class=\"wp-block-social-link-label\">Website<\/span><\/a><\/li><\/ul>\n<\/div><\/div>\n","protected":false},"excerpt":{"rendered":"","protected":false},"author":1,"featured_media":0,"parent":0,"menu_order":0,"comment_status":"closed","ping_status":"closed","template":"","meta":{"site-sidebar-layout":"default","site-content-layout":"default","ast-global-header-display":"","ast-main-header-display":"","ast-hfb-above-header-display":"","ast-hfb-below-header-display":"","ast-hfb-mobile-header-display":"","site-post-title":"","ast-breadcrumbs-content":"","ast-featured-img":"","footer-sml-layout":"","theme-transparent-header-meta":"","adv-header-id-meta":"","stick-header-meta":"","header-above-stick-meta":"","header-main-stick-meta":"","header-below-stick-meta":"","footnotes":""},"class_list":["post-707","page","type-page","status-publish","hentry"],"uagb_featured_image_src":{"full":false,"thumbnail":false,"medium":false,"medium_large":false,"large":false,"1536x1536":false,"2048x2048":false,"sow-carousel-default":false},"uagb_author_info":{"display_name":"pedislab","author_link":"https:\/\/econtent.pedis.uop.gr\/d-ict\/?author=1"},"uagb_comment_info":0,"uagb_excerpt":null,"_links":{"self":[{"href":"https:\/\/econtent.pedis.uop.gr\/d-ict\/index.php?rest_route=\/wp\/v2\/pages\/707","targetHints":{"allow":["GET"]}}],"collection":[{"href":"https:\/\/econtent.pedis.uop.gr\/d-ict\/index.php?rest_route=\/wp\/v2\/pages"}],"about":[{"href":"https:\/\/econtent.pedis.uop.gr\/d-ict\/index.php?rest_route=\/wp\/v2\/types\/page"}],"author":[{"embeddable":true,"href":"https:\/\/econtent.pedis.uop.gr\/d-ict\/index.php?rest_route=\/wp\/v2\/users\/1"}],"replies":[{"embeddable":true,"href":"https:\/\/econtent.pedis.uop.gr\/d-ict\/index.php?rest_route=%2Fwp%2Fv2%2Fcomments&post=707"}],"version-history":[{"count":1,"href":"https:\/\/econtent.pedis.uop.gr\/d-ict\/index.php?rest_route=\/wp\/v2\/pages\/707\/revisions"}],"predecessor-version":[{"id":708,"href":"https:\/\/econtent.pedis.uop.gr\/d-ict\/index.php?rest_route=\/wp\/v2\/pages\/707\/revisions\/708"}],"wp:attachment":[{"href":"https:\/\/econtent.pedis.uop.gr\/d-ict\/index.php?rest_route=%2Fwp%2Fv2%2Fmedia&parent=707"}],"curies":[{"name":"wp","href":"https:\/\/api.w.org\/{rel}","templated":true}]}}