{"id":371,"date":"2024-01-15T15:58:12","date_gmt":"2024-01-15T15:58:12","guid":{"rendered":"https:\/\/econtent.pedis.uop.gr\/d-ict\/?page_id=371"},"modified":"2024-01-15T15:58:13","modified_gmt":"2024-01-15T15:58:13","slug":"objectifs","status":"publish","type":"page","link":"https:\/\/econtent.pedis.uop.gr\/d-ict\/?page_id=371&lang=fr","title":{"rendered":"Objectifs"},"content":{"rendered":"\n<p>Gr\u00e2ce au projet actuel, le partenariat du consortium vise \u00e0 atteindre les objectifs suivants :<\/p>\n\n\n\n<ul class=\"wp-block-list\">\n<li>Am\u00e9liorer les aptitudes et comp\u00e9tences num\u00e9riques des formateurs en EFP dans le domaine de l&#8217;apprentissage \u00e0 distance<\/li>\n\n\n\n<li>Cr\u00e9er une exp\u00e9rience d&#8217;apprentissage en ligne asynchrone gamifi\u00e9e et innovante.<\/li>\n\n\n\n<li>Combiner les atouts de la gamification et de la formation \u00e0 distance<\/li>\n\n\n\n<li>Stimuler l&#8217;int\u00e9r\u00eat et la curiosit\u00e9 des apprenants de la FEP et les maintenir captifs du processus d&#8217;enseignement, r\u00e9duisant ainsi le ph\u00e9nom\u00e8ne d&#8217;abandon d\u00fb \u00e0 l&#8217;ennui que cr\u00e9e l&#8217;apprentissage \u00e0 distance non interactif.<\/li>\n\n\n\n<li>Favoriser l&#8217;interaction et le travail d&#8217;\u00e9quipe avec les camarades de classe dans le cadre de l&#8217;enseignement \u00e0 distance &#8211; Sensibiliser \u00e0 l&#8217;importance de faciliter la m\u00e9thodologie de l&#8217;enseignement \u00e0 distance par des approches interactives telles que la gamification num\u00e9rique.<\/li>\n<\/ul>\n\n\n\n<p><\/p>\n\n\n\n<p><\/p>\n","protected":false},"excerpt":{"rendered":"<p>Gr\u00e2ce au projet actuel, le partenariat du consortium vise \u00e0 atteindre les objectifs suivants :<\/p>\n","protected":false},"author":1,"featured_media":0,"parent":368,"menu_order":0,"comment_status":"closed","ping_status":"closed","template":"","meta":{"site-sidebar-layout":"default","site-content-layout":"default","ast-global-header-display":"","ast-main-header-display":"","ast-hfb-above-header-display":"","ast-hfb-below-header-display":"","ast-hfb-mobile-header-display":"","site-post-title":"","ast-breadcrumbs-content":"","ast-featured-img":"","footer-sml-layout":"","theme-transparent-header-meta":"","adv-header-id-meta":"","stick-header-meta":"","header-above-stick-meta":"","header-main-stick-meta":"","header-below-stick-meta":"","footnotes":""},"class_list":["post-371","page","type-page","status-publish","hentry"],"uagb_featured_image_src":{"full":false,"thumbnail":false,"medium":false,"medium_large":false,"large":false,"1536x1536":false,"2048x2048":false,"sow-carousel-default":false},"uagb_author_info":{"display_name":"pedislab","author_link":"https:\/\/econtent.pedis.uop.gr\/d-ict\/?author=1"},"uagb_comment_info":0,"uagb_excerpt":"Gr\u00e2ce au projet actuel, le partenariat du consortium vise \u00e0 atteindre les objectifs suivants :","_links":{"self":[{"href":"https:\/\/econtent.pedis.uop.gr\/d-ict\/index.php?rest_route=\/wp\/v2\/pages\/371","targetHints":{"allow":["GET"]}}],"collection":[{"href":"https:\/\/econtent.pedis.uop.gr\/d-ict\/index.php?rest_route=\/wp\/v2\/pages"}],"about":[{"href":"https:\/\/econtent.pedis.uop.gr\/d-ict\/index.php?rest_route=\/wp\/v2\/types\/page"}],"author":[{"embeddable":true,"href":"https:\/\/econtent.pedis.uop.gr\/d-ict\/index.php?rest_route=\/wp\/v2\/users\/1"}],"replies":[{"embeddable":true,"href":"https:\/\/econtent.pedis.uop.gr\/d-ict\/index.php?rest_route=%2Fwp%2Fv2%2Fcomments&post=371"}],"version-history":[{"count":2,"href":"https:\/\/econtent.pedis.uop.gr\/d-ict\/index.php?rest_route=\/wp\/v2\/pages\/371\/revisions"}],"predecessor-version":[{"id":373,"href":"https:\/\/econtent.pedis.uop.gr\/d-ict\/index.php?rest_route=\/wp\/v2\/pages\/371\/revisions\/373"}],"up":[{"embeddable":true,"href":"https:\/\/econtent.pedis.uop.gr\/d-ict\/index.php?rest_route=\/wp\/v2\/pages\/368"}],"wp:attachment":[{"href":"https:\/\/econtent.pedis.uop.gr\/d-ict\/index.php?rest_route=%2Fwp%2Fv2%2Fmedia&parent=371"}],"curies":[{"name":"wp","href":"https:\/\/api.w.org\/{rel}","templated":true}]}}