{"id":338,"date":"2024-01-15T14:57:28","date_gmt":"2024-01-15T14:57:28","guid":{"rendered":"https:\/\/econtent.pedis.uop.gr\/d-ict\/?page_id=338"},"modified":"2024-01-15T15:01:45","modified_gmt":"2024-01-15T15:01:45","slug":"objetivos","status":"publish","type":"page","link":"https:\/\/econtent.pedis.uop.gr\/d-ict\/?page_id=338&lang=es","title":{"rendered":"Objetivos"},"content":{"rendered":"\n<p>Mediante el presente proyecto, la asociaci\u00f3n del consorcio pretende alcanzar los siguientes objetivos:<\/p>\n\n\n\n<ul class=\"wp-block-list\">\n<li>Mejorar las habilidades y competencias digitales de los educadores de EFP en el \u00e1mbito de la educaci\u00f3n a distancia.<\/li>\n\n\n\n<li>Crear una experiencia innovadora de eLearning as\u00edncrono gamificado<\/li>\n\n\n\n<li>Combinar las ventajas de la gamificaci\u00f3n y el aprendizaje a distancia<\/li>\n\n\n\n<li>Aumentar el inter\u00e9s y la curiosidad de los alumnos de EFP y mantenerlos inmersos en el proceso de ense\u00f1anza, reduciendo as\u00ed los fen\u00f3menos de abandono debidos al aburrimiento que genera la ense\u00f1anza a distancia no interactiva.<\/li>\n\n\n\n<li>Potenciar la interacci\u00f3n y el trabajo en equipo con los compa\u00f1eros de clase en circunstancias de aprendizaje a distancia &#8211; Sensibilizar sobre la importancia de facilitar la metodolog\u00eda del aprendizaje a distancia mediante enfoques interactivos como la gamificaci\u00f3n digital.<\/li>\n<\/ul>\n\n\n\n<p><\/p>\n\n\n\n<p><\/p>\n\n\n\n<p><\/p>\n","protected":false},"excerpt":{"rendered":"<p>Mediante el presente proyecto, la asociaci\u00f3n del consorcio pretende alcanzar los siguientes objetivos:<\/p>\n","protected":false},"author":1,"featured_media":0,"parent":333,"menu_order":0,"comment_status":"closed","ping_status":"closed","template":"","meta":{"site-sidebar-layout":"default","site-content-layout":"default","ast-global-header-display":"","ast-main-header-display":"","ast-hfb-above-header-display":"","ast-hfb-below-header-display":"","ast-hfb-mobile-header-display":"","site-post-title":"","ast-breadcrumbs-content":"","ast-featured-img":"","footer-sml-layout":"","theme-transparent-header-meta":"","adv-header-id-meta":"","stick-header-meta":"","header-above-stick-meta":"","header-main-stick-meta":"","header-below-stick-meta":"","footnotes":""},"class_list":["post-338","page","type-page","status-publish","hentry"],"uagb_featured_image_src":{"full":false,"thumbnail":false,"medium":false,"medium_large":false,"large":false,"1536x1536":false,"2048x2048":false,"sow-carousel-default":false},"uagb_author_info":{"display_name":"pedislab","author_link":"https:\/\/econtent.pedis.uop.gr\/d-ict\/?author=1"},"uagb_comment_info":0,"uagb_excerpt":"Mediante el presente proyecto, la asociaci\u00f3n del consorcio pretende alcanzar los siguientes objetivos:","_links":{"self":[{"href":"https:\/\/econtent.pedis.uop.gr\/d-ict\/index.php?rest_route=\/wp\/v2\/pages\/338","targetHints":{"allow":["GET"]}}],"collection":[{"href":"https:\/\/econtent.pedis.uop.gr\/d-ict\/index.php?rest_route=\/wp\/v2\/pages"}],"about":[{"href":"https:\/\/econtent.pedis.uop.gr\/d-ict\/index.php?rest_route=\/wp\/v2\/types\/page"}],"author":[{"embeddable":true,"href":"https:\/\/econtent.pedis.uop.gr\/d-ict\/index.php?rest_route=\/wp\/v2\/users\/1"}],"replies":[{"embeddable":true,"href":"https:\/\/econtent.pedis.uop.gr\/d-ict\/index.php?rest_route=%2Fwp%2Fv2%2Fcomments&post=338"}],"version-history":[{"count":3,"href":"https:\/\/econtent.pedis.uop.gr\/d-ict\/index.php?rest_route=\/wp\/v2\/pages\/338\/revisions"}],"predecessor-version":[{"id":343,"href":"https:\/\/econtent.pedis.uop.gr\/d-ict\/index.php?rest_route=\/wp\/v2\/pages\/338\/revisions\/343"}],"up":[{"embeddable":true,"href":"https:\/\/econtent.pedis.uop.gr\/d-ict\/index.php?rest_route=\/wp\/v2\/pages\/333"}],"wp:attachment":[{"href":"https:\/\/econtent.pedis.uop.gr\/d-ict\/index.php?rest_route=%2Fwp%2Fv2%2Fmedia&parent=338"}],"curies":[{"name":"wp","href":"https:\/\/api.w.org\/{rel}","templated":true}]}}