{"id":333,"date":"2024-01-15T14:54:41","date_gmt":"2024-01-15T14:54:41","guid":{"rendered":"https:\/\/econtent.pedis.uop.gr\/d-ict\/?page_id=333"},"modified":"2024-01-15T15:37:05","modified_gmt":"2024-01-15T15:37:05","slug":"acerca-de-nosotros","status":"publish","type":"page","link":"https:\/\/econtent.pedis.uop.gr\/d-ict\/?page_id=333&lang=es","title":{"rendered":"Acerca de nosotros"},"content":{"rendered":"\n<p>El proyecto d-ICT tiene como objetivo mejorar las habilidades y competencias digitales de los educadores de FP en la formaci\u00f3n a distancia mediante la creaci\u00f3n de una experiencia innovadora de eLearning gamificada. As\u00ed se crear\u00e1 un entorno m\u00e1s interesante e interactivo que fomentar\u00e1 la curiosidad de los alumnos de EFP y reducir\u00e1 los posibles abandonos.<br><br>La pandemia de Covid-19 puso de manifiesto la necesidad de la formaci\u00f3n a distancia debido al cierre de los centros de EFP. El aprendizaje a distancia es una oportunidad \u00fanica para que los pa\u00edses del consorcio &#8211; Chipre, Grecia, Italia, B\u00e9lgica, Francia y Portugal &#8211; hagan m\u00e1s interactiva la ense\u00f1anza de la EFP, ya que tienen dificultades para comunicarse eficazmente con los alumnos durante los cierres. Por lo tanto, los grupos destinatarios son los educadores de EFP y los alumnos que se beneficiar\u00e1n de los resultados de este proyecto.<br><br>&nbsp;El proyecto ofrecer\u00e1 los siguientes recursos:<\/p>\n\n\n\n<div class=\"wp-block-uagb-icon-list uagb-block-3d6a8713\"><div class=\"uagb-icon-list__wrap\">\n<div class=\"wp-block-uagb-icon-list-child uagb-block-500be36e\"><span class=\"uagb-icon-list__source-wrap\"><svg xmlns=\"https:\/\/www.w3.org\/2000\/svg\" viewBox=\"0 0 448 512\"><path d=\"M246.6 233.4l-160-160c-12.5-12.5-32.75-12.5-45.25 0s-12.5 32.75 0 45.25L178.8 256l-137.4 137.4c-12.5 12.5-12.5 32.75 0 45.25C47.63 444.9 55.81 448 64 448s16.38-3.125 22.62-9.375l160-160C259.1 266.1 259.1 245.9 246.6 233.4zM438.6 233.4l-160-160c-12.5-12.5-32.75-12.5-45.25 0s-12.5 32.75 0 45.25L370.8 256l-137.4 137.4c-12.5 12.5-12.5 32.75 0 45.25C239.6 444.9 247.8 448 256 448s16.38-3.125 22.62-9.375l160-160C451.1 266.1 451.1 245.9 438.6 233.4z\"><\/path><\/svg><\/span><span class=\"uagb-icon-list__label\">Lecciones aprendidas: Explorar las resoluciones tomadas que se utilizaron durante la era Covid-19.<\/span><\/div>\n\n\n\n<div class=\"wp-block-uagb-icon-list-child uagb-block-f78dfa17\"><span class=\"uagb-icon-list__source-wrap\"><svg xmlns=\"https:\/\/www.w3.org\/2000\/svg\" viewBox=\"0 0 448 512\"><path d=\"M246.6 233.4l-160-160c-12.5-12.5-32.75-12.5-45.25 0s-12.5 32.75 0 45.25L178.8 256l-137.4 137.4c-12.5 12.5-12.5 32.75 0 45.25C47.63 444.9 55.81 448 64 448s16.38-3.125 22.62-9.375l160-160C259.1 266.1 259.1 245.9 246.6 233.4zM438.6 233.4l-160-160c-12.5-12.5-32.75-12.5-45.25 0s-12.5 32.75 0 45.25L370.8 256l-137.4 137.4c-12.5 12.5-12.5 32.75 0 45.25C239.6 444.9 247.8 448 256 448s16.38-3.125 22.62-9.375l160-160C451.1 266.1 451.1 245.9 438.6 233.4z\"><\/path><\/svg><\/span><span class=\"uagb-icon-list__label\">D-ICT e-Toolkit: Introducir pr\u00e1cticas de aprendizaje a distancia y herramientas digitales para facilitar la experiencia de aprendizaje electr\u00f3nico y evitar el abandono.<\/span><\/div>\n\n\n\n<div class=\"wp-block-uagb-icon-list-child uagb-block-d95a8b2c\"><span class=\"uagb-icon-list__source-wrap\"><svg xmlns=\"https:\/\/www.w3.org\/2000\/svg\" viewBox=\"0 0 448 512\"><path d=\"M246.6 233.4l-160-160c-12.5-12.5-32.75-12.5-45.25 0s-12.5 32.75 0 45.25L178.8 256l-137.4 137.4c-12.5 12.5-12.5 32.75 0 45.25C47.63 444.9 55.81 448 64 448s16.38-3.125 22.62-9.375l160-160C259.1 266.1 259.1 245.9 246.6 233.4zM438.6 233.4l-160-160c-12.5-12.5-32.75-12.5-45.25 0s-12.5 32.75 0 45.25L370.8 256l-137.4 137.4c-12.5 12.5-12.5 32.75 0 45.25C239.6 444.9 247.8 448 256 448s16.38-3.125 22.62-9.375l160-160C451.1 266.1 451.1 245.9 438.6 233.4z\"><\/path><\/svg><\/span><span class=\"uagb-icon-list__label\">Desarrollo de una experiencia de aprendizaje electr\u00f3nico as\u00edncrono gamificado.<\/span><\/div>\n<\/div><\/div>\n\n\n\n<p><strong>Asociaci\u00f3n: <\/strong>Universidad del Peloponeso (GR), Centro Servizi Formazione (IT), IASIS (GR), C.I.P Citizens in Power (CY), ISQe-learning (PT), F.C.B Forum Citoyens &#8211; Burgers (BE), Association de Gestion des Fonds Europ\u00e9ens (FR), INFODEF Instituto para el fomento del desarrollo y la formaci\u00f3n (ES)<br><br><strong>&nbsp;Duraci\u00f3n: <\/strong>12 de mayo de 2022 &#8211; 27 de febrero de 2024<br><br><strong>&nbsp;N\u00famero de proyecto:<\/strong> 2021-1-EL01-KA220-000024942<\/p>\n\n\n\n<p><strong>Grupos destinatarios<\/strong>:<\/p>\n\n\n\n<div class=\"wp-block-uagb-icon-list uagb-block-5eb17213\"><div class=\"uagb-icon-list__wrap\">\n<div class=\"wp-block-uagb-icon-list-child uagb-block-a40429c1\"><span class=\"uagb-icon-list__source-wrap\"><svg xmlns=\"https:\/\/www.w3.org\/2000\/svg\" viewBox=\"0 0 640 512\"><path d=\"M15.03 15.03C24.4 5.657 39.6 5.657 48.97 15.03L112 78.06V40C112 26.75 122.7 15.1 136 15.1C149.3 15.1 160 26.75 160 40V136C160 149.3 149.3 160 136 160H40C26.75 160 15.1 149.3 15.1 136C15.1 122.7 26.75 112 40 112H78.06L15.03 48.97C5.657 39.6 5.657 24.4 15.03 15.03V15.03zM133.5 243.9C158.6 193.6 222.7 112 320 112C417.3 112 481.4 193.6 506.5 243.9C510.3 251.6 510.3 260.4 506.5 268.1C481.4 318.4 417.3 400 320 400C222.7 400 158.6 318.4 133.5 268.1C129.7 260.4 129.7 251.6 133.5 243.9V243.9zM320 320C355.3 320 384 291.3 384 256C384 220.7 355.3 192 320 192C284.7 192 256 220.7 256 256C256 291.3 284.7 320 320 320zM591 15.03C600.4 5.657 615.6 5.657 624.1 15.03C634.3 24.4 634.3 39.6 624.1 48.97L561.9 112H600C613.3 112 624 122.7 624 136C624 149.3 613.3 160 600 160H504C490.7 160 480 149.3 480 136V40C480 26.75 490.7 15.1 504 15.1C517.3 15.1 528 26.75 528 40V78.06L591 15.03zM15.03 463L78.06 400H40C26.75 400 15.1 389.3 15.1 376C15.1 362.7 26.75 352 40 352H136C149.3 352 160 362.7 160 376V472C160 485.3 149.3 496 136 496C122.7 496 112 485.3 112 472V433.9L48.97 496.1C39.6 506.3 24.4 506.3 15.03 496.1C5.657 487.6 5.657 472.4 15.03 463V463zM528 433.9V472C528 485.3 517.3 496 504 496C490.7 496 480 485.3 480 472V376C480 362.7 490.7 352 504 352H600C613.3 352 624 362.7 624 376C624 389.3 613.3 400 600 400H561.9L624.1 463C634.3 472.4 634.3 487.6 624.1 496.1C615.6 506.3 600.4 506.3 591 496.1L528 433.9z\"><\/path><\/svg><\/span><span class=\"uagb-icon-list__label\">Grupo destinatario directo: Educadores de EFP<\/span><\/div>\n\n\n\n<div class=\"wp-block-uagb-icon-list-child uagb-block-86086183\"><span class=\"uagb-icon-list__source-wrap\"><svg xmlns=\"https:\/\/www.w3.org\/2000\/svg\" viewBox=\"0 0 448 512\"><path d=\"M171.7 232.8A5.381 5.381 0 0 0 176.7 229.5 48.08 48.08 0 0 1 191.6 204.2c1.243-.828 1.657-2.484 1.657-4.141a4.22 4.22 0 0 0 -2.071-3.312L74.43 128.5 148.1 85a9.941 9.941 0 0 0 4.968-8.281 9.108 9.108 0 0 0 -4.968-8.281L126.6 55.6a9.748 9.748 0 0 0 -9.523 0l-100.2 57.97a9.943 9.943 0 0 0 -4.969 8.281V236.1a9.109 9.109 0 0 0 4.969 8.281L39.24 258.1a8.829 8.829 0 0 0 4.968 1.242 9.4 9.4 0 0 0 6.625-2.484 10.8 10.8 0 0 0 2.9-7.039V164.5L169.7 232.4A4.5 4.5 0 0 0 171.7 232.8zM323.3 377.7a12.48 12.48 0 0 0 -4.969 1.242l-74.53 43.06V287.9c0-2.9-2.9-5.8-6.211-4.555a53.04 53.04 0 0 1 -28.98 .414 4.86 4.86 0 0 0 -6.21 4.555V421.6l-74.53-43.06a8.83 8.83 0 0 0 -4.969-1.242 9.631 9.631 0 0 0 -9.523 9.523v26.08a9.107 9.107 0 0 0 4.969 8.281l100.2 57.55A8.829 8.829 0 0 0 223.5 480a11.03 11.03 0 0 0 4.969-1.242l100.2-57.55a9.941 9.941 0 0 0 4.968-8.281V386.8C332.8 382.3 328.2 377.7 323.3 377.7zM286 78a23 23 0 1 0 -23-23A23 23 0 0 0 286 78zm63.63-10.09a23 23 0 1 0 23 23A23 23 0 0 0 349.6 67.91zM412.8 151.6a23 23 0 1 0 -23-23A23 23 0 0 0 412.8 151.6zm-63.18-9.2a23 23 0 1 0 23 23A23 23 0 0 0 349.6 142.4zm-63.63 83.24a23 23 0 1 0 -23-23A23 23 0 0 0 286 225.6zm-62.07 36.36a23 23 0 1 0 -23-23A23 23 0 0 0 223.9 262zm188.9-82.36a23 23 0 1 0 23 23A23 23 0 0 0 412.8 179.6zm0 72.27a23 23 0 1 0 23 23A23 23 0 0 0 412.8 251.9z\"><\/path><\/svg><\/span><span class=\"uagb-icon-list__label\">Usuarios finales: Educadores y alumnos de EFP<\/span><\/div>\n<\/div><\/div>\n","protected":false},"excerpt":{"rendered":"<p>El proyecto d-ICT tiene como objetivo mejorar las habilidades y competencias digitales de los educadores de FP en la formaci\u00f3n a distancia mediante la creaci\u00f3n de una experiencia innovadora de eLearning gamificada. As\u00ed se crear\u00e1 un entorno m\u00e1s interesante e interactivo que fomentar\u00e1 la curiosidad de los alumnos de EFP y reducir\u00e1 los posibles abandonos. &hellip;<\/p>\n<p class=\"read-more\"> <a class=\"\" href=\"https:\/\/econtent.pedis.uop.gr\/d-ict\/?page_id=333&#038;lang=es\"> <span class=\"screen-reader-text\">Acerca de nosotros<\/span> Read More &raquo;<\/a><\/p>\n","protected":false},"author":1,"featured_media":0,"parent":0,"menu_order":0,"comment_status":"closed","ping_status":"closed","template":"","meta":{"site-sidebar-layout":"default","site-content-layout":"default","ast-global-header-display":"","ast-main-header-display":"","ast-hfb-above-header-display":"","ast-hfb-below-header-display":"","ast-hfb-mobile-header-display":"","site-post-title":"","ast-breadcrumbs-content":"","ast-featured-img":"","footer-sml-layout":"","theme-transparent-header-meta":"","adv-header-id-meta":"","stick-header-meta":"","header-above-stick-meta":"","header-main-stick-meta":"","header-below-stick-meta":"","footnotes":""},"class_list":["post-333","page","type-page","status-publish","hentry"],"uagb_featured_image_src":{"full":false,"thumbnail":false,"medium":false,"medium_large":false,"large":false,"1536x1536":false,"2048x2048":false,"sow-carousel-default":false},"uagb_author_info":{"display_name":"pedislab","author_link":"https:\/\/econtent.pedis.uop.gr\/d-ict\/?author=1"},"uagb_comment_info":0,"uagb_excerpt":"El proyecto d-ICT tiene como objetivo mejorar las habilidades y competencias digitales de los educadores de FP en la formaci\u00f3n a distancia mediante la creaci\u00f3n de una experiencia innovadora de eLearning gamificada. As\u00ed se crear\u00e1 un entorno m\u00e1s interesante e interactivo que fomentar\u00e1 la curiosidad de los alumnos de EFP y reducir\u00e1 los posibles abandonos.&hellip;","_links":{"self":[{"href":"https:\/\/econtent.pedis.uop.gr\/d-ict\/index.php?rest_route=\/wp\/v2\/pages\/333","targetHints":{"allow":["GET"]}}],"collection":[{"href":"https:\/\/econtent.pedis.uop.gr\/d-ict\/index.php?rest_route=\/wp\/v2\/pages"}],"about":[{"href":"https:\/\/econtent.pedis.uop.gr\/d-ict\/index.php?rest_route=\/wp\/v2\/types\/page"}],"author":[{"embeddable":true,"href":"https:\/\/econtent.pedis.uop.gr\/d-ict\/index.php?rest_route=\/wp\/v2\/users\/1"}],"replies":[{"embeddable":true,"href":"https:\/\/econtent.pedis.uop.gr\/d-ict\/index.php?rest_route=%2Fwp%2Fv2%2Fcomments&post=333"}],"version-history":[{"count":3,"href":"https:\/\/econtent.pedis.uop.gr\/d-ict\/index.php?rest_route=\/wp\/v2\/pages\/333\/revisions"}],"predecessor-version":[{"id":357,"href":"https:\/\/econtent.pedis.uop.gr\/d-ict\/index.php?rest_route=\/wp\/v2\/pages\/333\/revisions\/357"}],"wp:attachment":[{"href":"https:\/\/econtent.pedis.uop.gr\/d-ict\/index.php?rest_route=%2Fwp%2Fv2%2Fmedia&parent=333"}],"curies":[{"name":"wp","href":"https:\/\/api.w.org\/{rel}","templated":true}]}}